{"id":73,"date":"2024-04-30T11:58:27","date_gmt":"2024-04-30T11:58:27","guid":{"rendered":"https:\/\/embio.com.mx\/tienda\/?post_type=product&#038;p=73"},"modified":"2025-08-08T18:37:46","modified_gmt":"2025-08-08T18:37:46","slug":"lectrum-11-25-mg","status":"publish","type":"product","link":"https:\/\/embio.com.mx\/tienda\/producto\/lectrum-11-25-mg\/","title":{"rendered":"Lectrum 11.25 mg"},"content":{"rendered":"<p>Leuprorelina<br \/>\n<strong>Suspensi\u00f3n inyectable<\/strong><\/p>\n<p>Presentaci\u00f3n: Caja con un frasco, \u00e1mpula y diluyente de 2 ml. con equipo para su administraci\u00f3n. Cons\u00e9rvese a no m\u00e1s de 30\u00b0 C.<\/p>\n<p>Este producto debe ser aplicado exclusivamente por personal m\u00e9dico capacitado.<\/p>\n<p><strong><em>Recuerda:<\/em><\/strong><em> La venta de este medicamento requiere receta m\u00e9dica para su adquisici\u00f3n \/ <strong>Consulte a su m\u00e9dico.<\/strong><\/em><\/p>\n<p>Precio sujeto a cambios sin previo aviso.<\/p>\n","protected":false},"excerpt":{"rendered":"<p>Forma de administraci\u00f3n intramuscular \/ Laboratorio Eriomex<\/p>\n<p><strong>\u00a1Estamos para ayudarte!<\/strong><br \/>\nPuedes enviarnos tu receta m\u00e9dica por WhatsApp y con gusto te brindaremos la informaci\u00f3n que necesitas de manera r\u00e1pida y oportuna.<\/p>\n<p>\u00a1Gracias por confiar en nosotros!<\/p>\n","protected":false},"featured_media":300,"template":"","meta":[],"product_brand":[],"product_cat":[18],"product_tag":[],"class_list":{"0":"post-73","1":"product","2":"type-product","3":"status-publish","4":"has-post-thumbnail","6":"product_cat-analogo","8":"first","9":"instock","10":"shipping-taxable","11":"purchasable","12":"product-type-simple"},"_links":{"self":[{"href":"https:\/\/embio.com.mx\/tienda\/wp-json\/wp\/v2\/product\/73","targetHints":{"allow":["GET"]}}],"collection":[{"href":"https:\/\/embio.com.mx\/tienda\/wp-json\/wp\/v2\/product"}],"about":[{"href":"https:\/\/embio.com.mx\/tienda\/wp-json\/wp\/v2\/types\/product"}],"wp:featuredmedia":[{"embeddable":true,"href":"https:\/\/embio.com.mx\/tienda\/wp-json\/wp\/v2\/media\/300"}],"wp:attachment":[{"href":"https:\/\/embio.com.mx\/tienda\/wp-json\/wp\/v2\/media?parent=73"}],"wp:term":[{"taxonomy":"product_brand","embeddable":true,"href":"https:\/\/embio.com.mx\/tienda\/wp-json\/wp\/v2\/product_brand?post=73"},{"taxonomy":"product_cat","embeddable":true,"href":"https:\/\/embio.com.mx\/tienda\/wp-json\/wp\/v2\/product_cat?post=73"},{"taxonomy":"product_tag","embeddable":true,"href":"https:\/\/embio.com.mx\/tienda\/wp-json\/wp\/v2\/product_tag?post=73"}],"curies":[{"name":"wp","href":"https:\/\/api.w.org\/{rel}","templated":true}]}}