{"id":60,"date":"2024-04-30T11:49:01","date_gmt":"2024-04-30T11:49:01","guid":{"rendered":"https:\/\/embio.com.mx\/tienda\/?post_type=product&#038;p=60"},"modified":"2025-10-15T16:21:29","modified_gmt":"2025-10-15T16:21:29","slug":"saizen-6mg-583mg-ml","status":"publish","type":"product","link":"https:\/\/embio.com.mx\/tienda\/producto\/saizen-6mg-583mg-ml\/","title":{"rendered":"Saizen 6 mg"},"content":{"rendered":"<p>Somatropina<br \/>\n<strong>Soluci\u00f3n inyectable<\/strong><\/p>\n<p>Presentaci\u00f3n:<br \/>\nCaja con 1 cartucho prellenado con soluci\u00f3n inyectable, compatible con el autoinyector Easypod\u2122 o pluma Aluetta\u2122 (estos dispositivos se suministran por separado).<\/p>\n<p><strong><em>Recuerda:<\/em><\/strong><em> La venta de este medicamento requiere receta m\u00e9dica para su adquisici\u00f3n.<\/em><\/p>\n<p>Precio sujeto a cambios sin previo aviso.<\/p>\n<p><strong>Consulte a su m\u00e9dico.<\/strong><\/p>\n<p><strong>\u00a0<\/strong><\/p>\n","protected":false},"excerpt":{"rendered":"<p>Saizen contiene el principio activo somatropina, forma de administraci\u00f3n diaria v\u00eda subcut\u00e1nea \/ Laboratorio Merck<\/p>\n<p><strong>\u00a1Estamos para ayudarte!<\/strong><br \/>\nPuedes enviarnos tu receta m\u00e9dica por WhatsApp y con gusto te brindaremos la informaci\u00f3n que necesitas de manera r\u00e1pida y oportuna.<\/p>\n<p>\u00a1Gracias por confiar en nosotros!<\/p>\n","protected":false},"featured_media":320,"template":"","meta":[],"product_brand":[],"product_cat":[17],"product_tag":[],"class_list":{"0":"post-60","1":"product","2":"type-product","3":"status-publish","4":"has-post-thumbnail","6":"product_cat-hormona","8":"first","9":"instock","10":"shipping-taxable","11":"purchasable","12":"product-type-simple"},"_links":{"self":[{"href":"https:\/\/embio.com.mx\/tienda\/wp-json\/wp\/v2\/product\/60","targetHints":{"allow":["GET"]}}],"collection":[{"href":"https:\/\/embio.com.mx\/tienda\/wp-json\/wp\/v2\/product"}],"about":[{"href":"https:\/\/embio.com.mx\/tienda\/wp-json\/wp\/v2\/types\/product"}],"wp:featuredmedia":[{"embeddable":true,"href":"https:\/\/embio.com.mx\/tienda\/wp-json\/wp\/v2\/media\/320"}],"wp:attachment":[{"href":"https:\/\/embio.com.mx\/tienda\/wp-json\/wp\/v2\/media?parent=60"}],"wp:term":[{"taxonomy":"product_brand","embeddable":true,"href":"https:\/\/embio.com.mx\/tienda\/wp-json\/wp\/v2\/product_brand?post=60"},{"taxonomy":"product_cat","embeddable":true,"href":"https:\/\/embio.com.mx\/tienda\/wp-json\/wp\/v2\/product_cat?post=60"},{"taxonomy":"product_tag","embeddable":true,"href":"https:\/\/embio.com.mx\/tienda\/wp-json\/wp\/v2\/product_tag?post=60"}],"curies":[{"name":"wp","href":"https:\/\/api.w.org\/{rel}","templated":true}]}}