{"id":57,"date":"2024-04-30T11:45:53","date_gmt":"2024-04-30T11:45:53","guid":{"rendered":"https:\/\/embio.com.mx\/tienda\/?post_type=product&#038;p=57"},"modified":"2025-08-08T18:27:52","modified_gmt":"2025-08-08T18:27:52","slug":"genotropin-12mg-c-36-ui-1-cartucho-caja","status":"publish","type":"product","link":"https:\/\/embio.com.mx\/tienda\/producto\/genotropin-12mg-c-36-ui-1-cartucho-caja\/","title":{"rendered":"Genotropin Go Quick 12 mg"},"content":{"rendered":"<p>Somatropina<br \/>\n<strong>Soluci\u00f3n inyectable<\/strong><\/p>\n<p>Presentaci\u00f3n:<br \/>\nCaja con 1 pluma prellenada con soluci\u00f3n inyectable \/ Formulaci\u00f3n avanzada de somatropina para el tratamiento de deficiencia de la hormona de crecimiento.<\/p>\n<p data-start=\"301\" data-end=\"319\"><strong data-start=\"301\" data-end=\"317\">Composici\u00f3n:<\/strong><\/p>\n<ul data-start=\"320\" data-end=\"668\">\n<li data-start=\"320\" data-end=\"398\">\n<p data-start=\"322\" data-end=\"398\">Compartimento con polvo liofilizado: Somatropina 12 mg y excipiente c.s.<\/p>\n<\/li>\n<li data-start=\"399\" data-end=\"668\">\n<p data-start=\"401\" data-end=\"668\">Compartimento con diluyente: m-cresol, manitol y agua para inyectables (1.13 mL).<br data-start=\"482\" data-end=\"485\" \/>Una vez reconstituido, cada mL contiene 12 mg de somatropina, equivalente a 36 UI.<\/p>\n<\/li>\n<\/ul>\n<p><strong><em>Recuerda:<\/em><\/strong><em> La venta de este medicamento requiere receta m\u00e9dica para su adquisici\u00f3n.<\/em><\/p>\n<p>Precio sujeto a cambios sin previo aviso.<\/p>\n<p><strong>Consulte a su m\u00e9dico.<\/strong><\/p>\n<p>&nbsp;<\/p>\n<p>&nbsp;<\/p>\n","protected":false},"excerpt":{"rendered":"<p>Genotropin contiene el principio activo somatropina, forma de administraci\u00f3n diaria v\u00eda subcut\u00e1nea \/ Laboratorio Pfizer<\/p>\n<p><strong data-start=\"73\" data-end=\"100\">\u00a1Estamos para ayudarte!<\/strong><br data-start=\"100\" data-end=\"103\" \/>Puedes enviarnos tu receta m\u00e9dica por WhatsApp y con gusto te brindaremos la informaci\u00f3n que necesitas de manera r\u00e1pida y oportuna. \/ 800 001 1008<\/p>\n<p>\u00a1Gracias por confiar en nosotros!<\/p>\n","protected":false},"featured_media":289,"template":"","meta":[],"product_brand":[],"product_cat":[17],"product_tag":[],"class_list":{"0":"post-57","1":"product","2":"type-product","3":"status-publish","4":"has-post-thumbnail","6":"product_cat-hormona","8":"first","9":"instock","10":"shipping-taxable","11":"purchasable","12":"product-type-simple"},"_links":{"self":[{"href":"https:\/\/embio.com.mx\/tienda\/wp-json\/wp\/v2\/product\/57","targetHints":{"allow":["GET"]}}],"collection":[{"href":"https:\/\/embio.com.mx\/tienda\/wp-json\/wp\/v2\/product"}],"about":[{"href":"https:\/\/embio.com.mx\/tienda\/wp-json\/wp\/v2\/types\/product"}],"wp:featuredmedia":[{"embeddable":true,"href":"https:\/\/embio.com.mx\/tienda\/wp-json\/wp\/v2\/media\/289"}],"wp:attachment":[{"href":"https:\/\/embio.com.mx\/tienda\/wp-json\/wp\/v2\/media?parent=57"}],"wp:term":[{"taxonomy":"product_brand","embeddable":true,"href":"https:\/\/embio.com.mx\/tienda\/wp-json\/wp\/v2\/product_brand?post=57"},{"taxonomy":"product_cat","embeddable":true,"href":"https:\/\/embio.com.mx\/tienda\/wp-json\/wp\/v2\/product_cat?post=57"},{"taxonomy":"product_tag","embeddable":true,"href":"https:\/\/embio.com.mx\/tienda\/wp-json\/wp\/v2\/product_tag?post=57"}],"curies":[{"name":"wp","href":"https:\/\/api.w.org\/{rel}","templated":true}]}}