{"id":19,"date":"2024-04-27T12:27:10","date_gmt":"2024-04-27T12:27:10","guid":{"rendered":"https:\/\/embio.com.mx\/tienda\/?post_type=product&#038;p=19"},"modified":"2025-10-15T20:50:07","modified_gmt":"2025-10-15T20:50:07","slug":"pergoveris-150-75-ui","status":"publish","type":"product","link":"https:\/\/embio.com.mx\/tienda\/producto\/pergoveris-150-75-ui\/","title":{"rendered":"Pergoveris 150 \/ 75 UI"},"content":{"rendered":"<p>Folitropina \/ Lutropina<br \/>\n<strong>Soluci\u00f3n inyectable<\/strong><\/p>\n<p>Presentaci\u00f3n:<br \/>\nCaja con 1 vial para soluci\u00f3n inyectable<\/p>\n<p><strong><em>Recuerda:<\/em><\/strong><em> La venta de este medicamento requiere receta m\u00e9dica para su adquisici\u00f3n.<\/em><\/p>\n<p>Precio sujeto a cambios sin previo aviso.<\/p>\n<p><strong>Consulte a su m\u00e9dico.<\/strong><\/p>\n","protected":false},"excerpt":{"rendered":"<p>Pergoveris contiene el principio activo folitropina alfa y Lutropina alfa, forma de administraci\u00f3n subcut\u00e1nea \/ Laboratorio Merck<\/p>\n<p><strong data-start=\"73\" data-end=\"100\">\u00a1Estamos para ayudarte!<\/strong><br data-start=\"100\" data-end=\"103\" \/>Puedes enviarnos tu receta m\u00e9dica por WhatsApp y con gusto te brindaremos la informaci\u00f3n que necesitas de manera r\u00e1pida y oportuna.<\/p>\n<p>\u00a1Gracias por confiar en nosotros!<\/p>\n","protected":false},"featured_media":346,"template":"","meta":[],"product_brand":[],"product_cat":[16],"product_tag":[],"class_list":{"0":"post-19","1":"product","2":"type-product","3":"status-publish","4":"has-post-thumbnail","6":"product_cat-fertilidad","8":"first","9":"instock","10":"shipping-taxable","11":"purchasable","12":"product-type-simple"},"_links":{"self":[{"href":"https:\/\/embio.com.mx\/tienda\/wp-json\/wp\/v2\/product\/19","targetHints":{"allow":["GET"]}}],"collection":[{"href":"https:\/\/embio.com.mx\/tienda\/wp-json\/wp\/v2\/product"}],"about":[{"href":"https:\/\/embio.com.mx\/tienda\/wp-json\/wp\/v2\/types\/product"}],"wp:featuredmedia":[{"embeddable":true,"href":"https:\/\/embio.com.mx\/tienda\/wp-json\/wp\/v2\/media\/346"}],"wp:attachment":[{"href":"https:\/\/embio.com.mx\/tienda\/wp-json\/wp\/v2\/media?parent=19"}],"wp:term":[{"taxonomy":"product_brand","embeddable":true,"href":"https:\/\/embio.com.mx\/tienda\/wp-json\/wp\/v2\/product_brand?post=19"},{"taxonomy":"product_cat","embeddable":true,"href":"https:\/\/embio.com.mx\/tienda\/wp-json\/wp\/v2\/product_cat?post=19"},{"taxonomy":"product_tag","embeddable":true,"href":"https:\/\/embio.com.mx\/tienda\/wp-json\/wp\/v2\/product_tag?post=19"}],"curies":[{"name":"wp","href":"https:\/\/api.w.org\/{rel}","templated":true}]}}