{"id":17,"date":"2024-04-27T12:25:38","date_gmt":"2024-04-27T12:25:38","guid":{"rendered":"https:\/\/embio.com.mx\/tienda\/?post_type=product&#038;p=17"},"modified":"2025-08-08T19:02:57","modified_gmt":"2025-08-08T19:02:57","slug":"ovidrel-f-pen-250mcg","status":"publish","type":"product","link":"https:\/\/embio.com.mx\/tienda\/producto\/ovidrel-f-pen-250mcg\/","title":{"rendered":"Ovidrel F-PEN 250MCG"},"content":{"rendered":"<p>Coriogonadotropina alfa<br \/>\n<strong>Soluci\u00f3n inyectable<\/strong><\/p>\n<p>Presentaci\u00f3n:<br \/>\nCaja con 1 pluma prellenada con soluci\u00f3n inyectable \/ 1 aguja est\u00e9ril para administraci\u00f3n.<\/p>\n<p><strong><em>Recuerda:<\/em><\/strong><em> La venta de este medicamento requiere receta m\u00e9dica para su adquisici\u00f3n.<\/em><\/p>\n<p>Precio sujeto a cambios sin previo aviso.<\/p>\n<p><strong>Consulte a su m\u00e9dico.<\/strong><\/p>\n","protected":false},"excerpt":{"rendered":"<p>Ovidrel contiene el principio activo Coriogonadotropina, forma de administraci\u00f3n subcut\u00e1nea \/ Laboratorio Merck<\/p>\n<p><strong data-start=\"73\" data-end=\"100\">\u00a1Estamos para ayudarte!<\/strong><br data-start=\"100\" data-end=\"103\" \/>Puedes enviarnos tu receta m\u00e9dica por WhatsApp y con gusto te brindaremos la informaci\u00f3n que necesitas de manera r\u00e1pida y oportuna.<\/p>\n<p>\u00a1Gracias por confiar en nosotros!<\/p>\n","protected":false},"featured_media":313,"template":"","meta":[],"product_brand":[],"product_cat":[16],"product_tag":[],"class_list":{"0":"post-17","1":"product","2":"type-product","3":"status-publish","4":"has-post-thumbnail","6":"product_cat-fertilidad","8":"first","9":"instock","10":"shipping-taxable","11":"purchasable","12":"product-type-simple"},"_links":{"self":[{"href":"https:\/\/embio.com.mx\/tienda\/wp-json\/wp\/v2\/product\/17","targetHints":{"allow":["GET"]}}],"collection":[{"href":"https:\/\/embio.com.mx\/tienda\/wp-json\/wp\/v2\/product"}],"about":[{"href":"https:\/\/embio.com.mx\/tienda\/wp-json\/wp\/v2\/types\/product"}],"wp:featuredmedia":[{"embeddable":true,"href":"https:\/\/embio.com.mx\/tienda\/wp-json\/wp\/v2\/media\/313"}],"wp:attachment":[{"href":"https:\/\/embio.com.mx\/tienda\/wp-json\/wp\/v2\/media?parent=17"}],"wp:term":[{"taxonomy":"product_brand","embeddable":true,"href":"https:\/\/embio.com.mx\/tienda\/wp-json\/wp\/v2\/product_brand?post=17"},{"taxonomy":"product_cat","embeddable":true,"href":"https:\/\/embio.com.mx\/tienda\/wp-json\/wp\/v2\/product_cat?post=17"},{"taxonomy":"product_tag","embeddable":true,"href":"https:\/\/embio.com.mx\/tienda\/wp-json\/wp\/v2\/product_tag?post=17"}],"curies":[{"name":"wp","href":"https:\/\/api.w.org\/{rel}","templated":true}]}}